{"id":1756,"date":"2022-08-14T17:01:38","date_gmt":"2022-08-14T17:01:38","guid":{"rendered":"http:\/\/reiseblog.wbeyersdorf.de\/?page_id=1756"},"modified":"2022-10-16T10:39:54","modified_gmt":"2022-10-16T08:39:54","slug":"via-claudia-augusta","status":"publish","type":"page","link":"http:\/\/reiseblog.wbeyersdorf.de\/","title":{"rendered":"Via Claudia Augusta"},"content":{"rendered":"\n<p>Die Via Claudia Augusta ist einer der bekanntesten Fernradwege und orientiert sich gr\u00f6\u00dftenteils an der gleichnamigen historischen R\u00f6merstra\u00dfe, welche in den Jahren 46\/47 nach Christus der Kaiser Claudius erbauen lie\u00df und die Provinzen n\u00f6rdlich der Alpen erschlie\u00dfen sollte.<\/p>\n\n\n\n<p>Die Via Claudia Augusta gilt als die f\u00fcr Radfahrer leichteste Alpenquerung in Europa. Die meisten befahren sie von Norden nach S\u00fcden von Donauw\u00f6rth bis nach Verona, aber wir haben uns bewusst f\u00fcr die andere Richtung entschieden.<\/p>\n\n\n\n<p>Wir wollten die Radtour nicht erst in Donauw\u00f6rth beginnen, sondern bereits Zuhause in Stegaurach bei Bamberg. Da wir nicht jede Etappe exakt planen wollten und auch nicht wussten, ob Wetter, Gesundheit und Fitness oder die Technik am Fahrrad eine durchg\u00e4ngige Fahrt zulassen w\u00fcrden, entschieden wir uns, mit dem Zug nach Verona zu fahren und von dort zu beginnen. Dadurch ist man bei der R\u00fcckreise flexibler, man muss nicht am Tag X am Bahnhof sein um die R\u00fcckreise anzutreten.<\/p>\n\n\n\n<p>Wir konnten also in Verona starten und sehen, wie weit wir an den einzelnen Tagen fahren, spontan einen Ruhetag einlegen und ohne Terminstress die Radtour genie\u00dfen.<\/p>\n\n\n\n<p>Im Nachhinein die absolut richtige Entscheidung, denn gerade die ersten Tage in S\u00fcdtirol waren aufgrund der enormen Hitze von bis zu 37\u00b0 C sehr fordernd.<\/p>\n\n\n\n<figure class=\"wp-block-image size-large is-resized\"><img loading=\"lazy\" decoding=\"async\" src=\"http:\/\/reiseblog.wbeyersdorf.de\/wp-content\/uploads\/2022\/08\/VCA_1_012-707x1500.jpg\" alt=\"\" class=\"wp-image-1647\" width=\"611\" height=\"1295\"\/><\/figure>\n\n\n\n<p><a href=\"http:\/\/reiseblog.wbeyersdorf.de\/?p=1764\" data-type=\"URL\" data-id=\"reiseblog.wbeyersdorf.de\/?p=1764\">Tag 1, Italia wir kommen<\/a><\/p>\n\n\n\n<p><a href=\"http:\/\/reiseblog.wbeyersdorf.de\/?p=2004\">Tag 2, Hei\u00df, hei\u00dfer am Hei\u00dfesten<\/a><\/p>\n\n\n\n<p><a href=\"http:\/\/reiseblog.wbeyersdorf.de\/?p=1917\">Tag 3, Kalterer See, Bozen und Meran<\/a><\/p>\n\n\n\n<p><a href=\"http:\/\/reiseblog.wbeyersdorf.de\/?p=1942\">Tag 4, Hoch hinaus im Vintschgau<\/a><\/p>\n\n\n\n<p><a href=\"http:\/\/reiseblog.wbeyersdorf.de\/?p=1958\">Tag 5, Ruhetag in Burgeis<\/a><\/p>\n\n\n\n<p><a href=\"http:\/\/reiseblog.wbeyersdorf.de\/?p=1990\">Tag 6, Drei L\u00e4nder an einem Tag<\/a><\/p>\n\n\n\n<p><a href=\"http:\/\/reiseblog.wbeyersdorf.de\/?p=2009\">Tag 7, Absturzgefahr auf dem Fernpass<\/a><\/p>\n\n\n\n<p><a href=\"http:\/\/reiseblog.wbeyersdorf.de\/?p=2070\">Tag 8, Ende &#8211; oder doch nicht?<\/a><\/p>\n\n\n\n<p><a href=\"http:\/\/reiseblog.wbeyersdorf.de\/?p=2082\">Tag 9, Von der Donau bis nach F\u00fcrth<\/a><\/p>\n\n\n\n<p><a href=\"http:\/\/reiseblog.wbeyersdorf.de\/?p=2085\">Tag 10, Home sweet Home<\/a><\/p>\n\n\n\n<p><\/p>\n\n\n\n<p><\/p>\n","protected":false},"excerpt":{"rendered":"<p>Die Via Claudia Augusta ist einer der bekanntesten Fernradwege und orientiert sich gr\u00f6\u00dftenteils an der gleichnamigen historischen R\u00f6merstra\u00dfe, welche in den Jahren 46\/47 nach Christus der Kaiser Claudius erbauen lie\u00df und die Provinzen n\u00f6rdlich der Alpen erschlie\u00dfen sollte. Die Via Claudia Augusta gilt als die f\u00fcr Radfahrer leichteste Alpenquerung in Europa. Die meisten befahren sie &hellip; <\/p>\n<p class=\"link-more\"><a href=\"http:\/\/reiseblog.wbeyersdorf.de\/\" class=\"more-link\"><span class=\"screen-reader-text\">\u201eVia Claudia Augusta\u201c<\/span> weiterlesen<\/a><\/p>\n","protected":false},"author":1,"featured_media":0,"parent":0,"menu_order":0,"comment_status":"closed","ping_status":"closed","template":"","meta":{"footnotes":""},"class_list":["post-1756","page","type-page","status-publish","hentry"],"_links":{"self":[{"href":"http:\/\/reiseblog.wbeyersdorf.de\/index.php?rest_route=\/wp\/v2\/pages\/1756","targetHints":{"allow":["GET"]}}],"collection":[{"href":"http:\/\/reiseblog.wbeyersdorf.de\/index.php?rest_route=\/wp\/v2\/pages"}],"about":[{"href":"http:\/\/reiseblog.wbeyersdorf.de\/index.php?rest_route=\/wp\/v2\/types\/page"}],"author":[{"embeddable":true,"href":"http:\/\/reiseblog.wbeyersdorf.de\/index.php?rest_route=\/wp\/v2\/users\/1"}],"replies":[{"embeddable":true,"href":"http:\/\/reiseblog.wbeyersdorf.de\/index.php?rest_route=%2Fwp%2Fv2%2Fcomments&post=1756"}],"version-history":[{"count":8,"href":"http:\/\/reiseblog.wbeyersdorf.de\/index.php?rest_route=\/wp\/v2\/pages\/1756\/revisions"}],"predecessor-version":[{"id":2155,"href":"http:\/\/reiseblog.wbeyersdorf.de\/index.php?rest_route=\/wp\/v2\/pages\/1756\/revisions\/2155"}],"wp:attachment":[{"href":"http:\/\/reiseblog.wbeyersdorf.de\/index.php?rest_route=%2Fwp%2Fv2%2Fmedia&parent=1756"}],"curies":[{"name":"wp","href":"https:\/\/api.w.org\/{rel}","templated":true}]}}